{"id":764,"date":"2024-06-01T08:52:04","date_gmt":"2024-06-01T11:52:04","guid":{"rendered":"https:\/\/institutoaja.com\/ead\/?post_type=product&#038;p=764"},"modified":"2025-04-29T11:58:18","modified_gmt":"2025-04-29T14:58:18","slug":"livro-administracao-judicial-aplicada","status":"publish","type":"product","link":"https:\/\/institutoaja.com\/ead\/product\/livro-administracao-judicial-aplicada\/","title":{"rendered":"Livro Administra\u00e7\u00e3o Judicial Aplicada"},"content":{"rendered":"<p>Relata a experi\u00eancia aplicada \u00e0 1\u00aa Vara Federal da Subse\u00e7\u00e3o Judici\u00e1ria de Montes Claros\/MG, onde se introduziu modelo de gest\u00e3o de processos e pessoas como m\u00e9todo de trabalho. Descreve a utiliza\u00e7\u00e3o do Projeto Guardi\u00e3o com tramita\u00e7\u00e3o especial e a gest\u00e3o dos fluxos judiciais em curso na Vara assim como a aplica\u00e7\u00e3o do m\u00e9todo GUT (a sigla vem das iniciais das palavras Gravidade, Urg\u00eancia e Tend\u00eancia) para ordenar a import\u00e2ncia das a\u00e7\u00f5es, permitindo a tomada da a\u00e7\u00e3o menos prejudicial. No tocante \u00e0 gest\u00e3o de pessoas, o modelo aplicado foi o CHA, que estabelece que a compet\u00eancia est\u00e1 no encontro entre Conhecimento, Habilidades e Atitudes.<\/p>\n<p><strong>ISBN:<\/strong>\u00a0978-857525-624-4<strong>Ano:<\/strong>\u00a02014<strong>N\u00ba de p\u00e1ginas:<\/strong>\u00a0228<strong>Encaderna\u00e7\u00e3o:<\/strong>\u00a0ENCADERNADO<\/p>\n","protected":false},"excerpt":{"rendered":"<p>Relata a experi\u00eancia aplicada \u00e0 1\u00aa Vara Federal da Subse\u00e7\u00e3o Judici\u00e1ria de Montes Claros\/MG, onde se introduziu modelo<\/p>\n","protected":false},"featured_media":765,"template":"","meta":{"_joinchat":[]},"product_cat":[26],"product_tag":[],"class_list":["post-764","product","type-product","status-publish","has-post-thumbnail","hentry","product_cat-livros"],"_links":{"self":[{"href":"https:\/\/institutoaja.com\/ead\/wp-json\/wp\/v2\/product\/764","targetHints":{"allow":["GET"]}}],"collection":[{"href":"https:\/\/institutoaja.com\/ead\/wp-json\/wp\/v2\/product"}],"about":[{"href":"https:\/\/institutoaja.com\/ead\/wp-json\/wp\/v2\/types\/product"}],"wp:featuredmedia":[{"embeddable":true,"href":"https:\/\/institutoaja.com\/ead\/wp-json\/wp\/v2\/media\/765"}],"wp:attachment":[{"href":"https:\/\/institutoaja.com\/ead\/wp-json\/wp\/v2\/media?parent=764"}],"wp:term":[{"taxonomy":"product_cat","embeddable":true,"href":"https:\/\/institutoaja.com\/ead\/wp-json\/wp\/v2\/product_cat?post=764"},{"taxonomy":"product_tag","embeddable":true,"href":"https:\/\/institutoaja.com\/ead\/wp-json\/wp\/v2\/product_tag?post=764"}],"curies":[{"name":"wp","href":"https:\/\/api.w.org\/{rel}","templated":true}]}}