{"id":762,"date":"2024-06-01T08:50:14","date_gmt":"2024-06-01T11:50:14","guid":{"rendered":"https:\/\/institutoaja.com\/ead\/?post_type=product&#038;p=762"},"modified":"2025-04-29T11:58:48","modified_gmt":"2025-04-29T14:58:48","slug":"manual-de-administracao-judicial-vol-2","status":"publish","type":"product","link":"https:\/\/institutoaja.com\/ead\/product\/manual-de-administracao-judicial-vol-2\/","title":{"rendered":"Manual de Administra\u00e7\u00e3o Judicial Vol 2"},"content":{"rendered":"<p>Veja aqui o sum\u00e1rio do livro<br \/>\n<a href=\"http:\/\/institutoaja.com\/wp-content\/uploads\/2019\/08\/sumario-volume2.pdf\" target=\"_blank\" rel=\"noopener noreferrer\">Sum\u00e1rio Volume 2<\/a><\/p>\n","protected":false},"excerpt":{"rendered":"<p>Veja aqui o sum\u00e1rio do livro Sum\u00e1rio Volume 2<\/p>\n","protected":false},"featured_media":763,"template":"","meta":{"_joinchat":[]},"product_cat":[26],"product_tag":[],"class_list":["post-762","product","type-product","status-publish","has-post-thumbnail","hentry","product_cat-livros"],"_links":{"self":[{"href":"https:\/\/institutoaja.com\/ead\/wp-json\/wp\/v2\/product\/762","targetHints":{"allow":["GET"]}}],"collection":[{"href":"https:\/\/institutoaja.com\/ead\/wp-json\/wp\/v2\/product"}],"about":[{"href":"https:\/\/institutoaja.com\/ead\/wp-json\/wp\/v2\/types\/product"}],"wp:featuredmedia":[{"embeddable":true,"href":"https:\/\/institutoaja.com\/ead\/wp-json\/wp\/v2\/media\/763"}],"wp:attachment":[{"href":"https:\/\/institutoaja.com\/ead\/wp-json\/wp\/v2\/media?parent=762"}],"wp:term":[{"taxonomy":"product_cat","embeddable":true,"href":"https:\/\/institutoaja.com\/ead\/wp-json\/wp\/v2\/product_cat?post=762"},{"taxonomy":"product_tag","embeddable":true,"href":"https:\/\/institutoaja.com\/ead\/wp-json\/wp\/v2\/product_tag?post=762"}],"curies":[{"name":"wp","href":"https:\/\/api.w.org\/{rel}","templated":true}]}}