{"id":754,"date":"2024-06-01T08:43:02","date_gmt":"2024-06-01T11:43:02","guid":{"rendered":"https:\/\/institutoaja.com\/ead\/?post_type=product&#038;p=754"},"modified":"2025-04-29T11:59:58","modified_gmt":"2025-04-29T14:59:58","slug":"trabalho-escravo-contemporaneo-governanca-e-compliance","status":"publish","type":"product","link":"https:\/\/institutoaja.com\/ead\/product\/trabalho-escravo-contemporaneo-governanca-e-compliance\/","title":{"rendered":"Trabalho Escravo Contempor\u00e2neo &#8211; Governan\u00e7a e Compliance"},"content":{"rendered":"<p>&#8220;O livro trata das quest\u00f5es atuais que envolvem a tem\u00e1tica sobre o trabalho escravo contempor\u00e2neo, tais como a compliance e due diligence, as repercuss\u00f5es globais e os reflexos do ponto de vista penal. Os artigos, de autoria de renomados professores e pesquisadores especialistas na mat\u00e9ria, apresentam arsenal consistente e profundo que favorece a continuidade do rigoroso desenvolvimento cient\u00edfico da constru\u00e7\u00e3o do enfrentamento real, concreto e fact\u00edvel do trabalho escravo contempor\u00e2neo, que insiste em nos assombrar&#8221;.<\/p>\n","protected":false},"excerpt":{"rendered":"<p>&#8220;O livro trata das quest\u00f5es atuais que envolvem a tem\u00e1tica sobre o trabalho escravo contempor\u00e2neo, tais como a<\/p>\n","protected":false},"featured_media":755,"template":"","meta":{"_joinchat":[]},"product_cat":[26],"product_tag":[],"class_list":["post-754","product","type-product","status-publish","has-post-thumbnail","hentry","product_cat-livros"],"_links":{"self":[{"href":"https:\/\/institutoaja.com\/ead\/wp-json\/wp\/v2\/product\/754","targetHints":{"allow":["GET"]}}],"collection":[{"href":"https:\/\/institutoaja.com\/ead\/wp-json\/wp\/v2\/product"}],"about":[{"href":"https:\/\/institutoaja.com\/ead\/wp-json\/wp\/v2\/types\/product"}],"wp:featuredmedia":[{"embeddable":true,"href":"https:\/\/institutoaja.com\/ead\/wp-json\/wp\/v2\/media\/755"}],"wp:attachment":[{"href":"https:\/\/institutoaja.com\/ead\/wp-json\/wp\/v2\/media?parent=754"}],"wp:term":[{"taxonomy":"product_cat","embeddable":true,"href":"https:\/\/institutoaja.com\/ead\/wp-json\/wp\/v2\/product_cat?post=754"},{"taxonomy":"product_tag","embeddable":true,"href":"https:\/\/institutoaja.com\/ead\/wp-json\/wp\/v2\/product_tag?post=754"}],"curies":[{"name":"wp","href":"https:\/\/api.w.org\/{rel}","templated":true}]}}