{"id":748,"date":"2024-06-01T08:37:36","date_gmt":"2024-06-01T11:37:36","guid":{"rendered":"https:\/\/institutoaja.com\/ead\/?post_type=product&#038;p=748"},"modified":"2025-04-29T12:02:31","modified_gmt":"2025-04-29T15:02:31","slug":"combo-relatos-das-unidades-judiciarias","status":"publish","type":"product","link":"https:\/\/institutoaja.com\/ead\/product\/combo-relatos-das-unidades-judiciarias\/","title":{"rendered":"Combo relatos das unidades judici\u00e1rias"},"content":{"rendered":"<p>O Combo Relatos \u00e9 formado por dois livros que transmitem, de forma pr\u00e1tica, os resultados da implanta\u00e7\u00e3o de estrat\u00e9gias de gest\u00e3o em unidades judici\u00e1rias de Minas Gerais.<\/p>\n<p>O primeiro deles, o \u201cImplanta\u00e7\u00e3o Pr\u00e1tica do Modelo de Gest\u00e3o\u201d \u00e9 fruto do trabalho desenvolvido ao longo de sete meses na Justi\u00e7a Federal, Se\u00e7\u00e3o Judici\u00e1ria de Minas Gerais (SJMG).<\/p>\n<p>J\u00e1 o segundo, \u201cAdministra\u00e7\u00e3o Judicial Aplicada \u00e0s Turmas Recursais\u201d ressalta como em dois anos foi poss\u00edvel reduzir o acervo em quase 50.000 processos, com 19 pessoas a menos na equipe, mantendo a tramita\u00e7\u00e3o dos mais de 14.000 processos na Secretaria das Turmas Recursais de Minas Gerais praticamente sem atrasos superiores a 60 dias.<\/p>\n","protected":false},"excerpt":{"rendered":"<p>O Combo Relatos \u00e9 formado por dois livros que transmitem, de forma pr\u00e1tica, os resultados da implanta\u00e7\u00e3o de<\/p>\n","protected":false},"featured_media":749,"template":"","meta":{"_joinchat":[]},"product_cat":[26],"product_tag":[],"class_list":["post-748","product","type-product","status-publish","has-post-thumbnail","hentry","product_cat-livros"],"_links":{"self":[{"href":"https:\/\/institutoaja.com\/ead\/wp-json\/wp\/v2\/product\/748","targetHints":{"allow":["GET"]}}],"collection":[{"href":"https:\/\/institutoaja.com\/ead\/wp-json\/wp\/v2\/product"}],"about":[{"href":"https:\/\/institutoaja.com\/ead\/wp-json\/wp\/v2\/types\/product"}],"wp:featuredmedia":[{"embeddable":true,"href":"https:\/\/institutoaja.com\/ead\/wp-json\/wp\/v2\/media\/749"}],"wp:attachment":[{"href":"https:\/\/institutoaja.com\/ead\/wp-json\/wp\/v2\/media?parent=748"}],"wp:term":[{"taxonomy":"product_cat","embeddable":true,"href":"https:\/\/institutoaja.com\/ead\/wp-json\/wp\/v2\/product_cat?post=748"},{"taxonomy":"product_tag","embeddable":true,"href":"https:\/\/institutoaja.com\/ead\/wp-json\/wp\/v2\/product_tag?post=748"}],"curies":[{"name":"wp","href":"https:\/\/api.w.org\/{rel}","templated":true}]}}