{"id":746,"date":"2024-06-01T08:35:52","date_gmt":"2024-06-01T11:35:52","guid":{"rendered":"https:\/\/institutoaja.com\/ead\/?post_type=product&#038;p=746"},"modified":"2025-04-29T12:03:01","modified_gmt":"2025-04-29T15:03:01","slug":"implantacao-pratica-do-modelo-de-gestao-tjpi","status":"publish","type":"product","link":"https:\/\/institutoaja.com\/ead\/product\/implantacao-pratica-do-modelo-de-gestao-tjpi\/","title":{"rendered":"Implanta\u00e7\u00e3o Pr\u00e1tica do Modelo de Gest\u00e3o &#8211; TJPI"},"content":{"rendered":"<p>Este livro \u00e9 fruto de trabalho desenvolvido ao longo de sete meses no TJPI: A implanta\u00e7\u00e3o pr\u00e1tica do modelo de gest\u00e3o em v\u00e1rias unidades judici\u00e1rias. Com o objetivo de capacitar magistrados e servidores para executar novo modelo de gest\u00e3o, o livro relata os resultados da metodologia de \u201caprender fazendo&#8221; com efeitos extremamente ben\u00e9ficos ao time e muitos resultados conquistados.<\/p>\n","protected":false},"excerpt":{"rendered":"<p>Este livro \u00e9 fruto de trabalho desenvolvido ao longo de sete meses no TJPI: A implanta\u00e7\u00e3o pr\u00e1tica do<\/p>\n","protected":false},"featured_media":747,"template":"","meta":{"_joinchat":[]},"product_cat":[26],"product_tag":[],"class_list":["post-746","product","type-product","status-publish","has-post-thumbnail","hentry","product_cat-livros"],"_links":{"self":[{"href":"https:\/\/institutoaja.com\/ead\/wp-json\/wp\/v2\/product\/746","targetHints":{"allow":["GET"]}}],"collection":[{"href":"https:\/\/institutoaja.com\/ead\/wp-json\/wp\/v2\/product"}],"about":[{"href":"https:\/\/institutoaja.com\/ead\/wp-json\/wp\/v2\/types\/product"}],"wp:featuredmedia":[{"embeddable":true,"href":"https:\/\/institutoaja.com\/ead\/wp-json\/wp\/v2\/media\/747"}],"wp:attachment":[{"href":"https:\/\/institutoaja.com\/ead\/wp-json\/wp\/v2\/media?parent=746"}],"wp:term":[{"taxonomy":"product_cat","embeddable":true,"href":"https:\/\/institutoaja.com\/ead\/wp-json\/wp\/v2\/product_cat?post=746"},{"taxonomy":"product_tag","embeddable":true,"href":"https:\/\/institutoaja.com\/ead\/wp-json\/wp\/v2\/product_tag?post=746"}],"curies":[{"name":"wp","href":"https:\/\/api.w.org\/{rel}","templated":true}]}}