{"id":738,"date":"2024-06-01T08:29:22","date_gmt":"2024-06-01T11:29:22","guid":{"rendered":"https:\/\/institutoaja.com\/ead\/?post_type=product&#038;p=738"},"modified":"2025-04-29T12:04:50","modified_gmt":"2025-04-29T15:04:50","slug":"a-arte-de-trabalhar-menos-e-produzir-mais-2a-edicao","status":"publish","type":"product","link":"https:\/\/institutoaja.com\/ead\/product\/a-arte-de-trabalhar-menos-e-produzir-mais-2a-edicao\/","title":{"rendered":"A arte de trabalhar menos e produzir mais &#8211; 2\u00aa Edi\u00e7\u00e3o"},"content":{"rendered":"<p>2\u00aa Edi\u00e7\u00e3o<\/p>\n<p>O gestor l\u00edder e o Ritual de gest\u00e3o<\/p>\n<p>Entenda como melhorar o seu time<\/p>\n<p>Carlos M\u00e1rcio de Souza Macedo<\/p>\n<p>&nbsp;<\/p>\n","protected":false},"excerpt":{"rendered":"<p>Um livro diferente dos outros que voc\u00ea j\u00e1 leu sobre o assunto, porque faz abordagem pr\u00e1tica, r\u00e1pida e direta para o procedimento que permite melhora, a curt\u00edssimo prazo, na presta\u00e7\u00e3o do servi\u00e7o de uma organiza\u00e7\u00e3o, sem se descuidar de apresentar um pouco sobre o conte\u00fado perif\u00e9rico do tema.<\/p>\n<p>Vasta bibliografia para proporcionar um estudo mais aprofundado, caso o leitor entenda necess\u00e1rio.<\/p>\n<p>In\u00fameras dicas para forma\u00e7\u00e3o e realiza\u00e7\u00e3o do ritual de gest\u00e3o.<\/p>\n<p>Trata-se de um livro para quem n\u00e3o tem tempo e precisa de tempo para ter tempo.<\/p>\n","protected":false},"featured_media":739,"template":"","meta":{"_joinchat":[]},"product_cat":[26],"product_tag":[],"class_list":["post-738","product","type-product","status-publish","has-post-thumbnail","hentry","product_cat-livros"],"_links":{"self":[{"href":"https:\/\/institutoaja.com\/ead\/wp-json\/wp\/v2\/product\/738","targetHints":{"allow":["GET"]}}],"collection":[{"href":"https:\/\/institutoaja.com\/ead\/wp-json\/wp\/v2\/product"}],"about":[{"href":"https:\/\/institutoaja.com\/ead\/wp-json\/wp\/v2\/types\/product"}],"wp:featuredmedia":[{"embeddable":true,"href":"https:\/\/institutoaja.com\/ead\/wp-json\/wp\/v2\/media\/739"}],"wp:attachment":[{"href":"https:\/\/institutoaja.com\/ead\/wp-json\/wp\/v2\/media?parent=738"}],"wp:term":[{"taxonomy":"product_cat","embeddable":true,"href":"https:\/\/institutoaja.com\/ead\/wp-json\/wp\/v2\/product_cat?post=738"},{"taxonomy":"product_tag","embeddable":true,"href":"https:\/\/institutoaja.com\/ead\/wp-json\/wp\/v2\/product_tag?post=738"}],"curies":[{"name":"wp","href":"https:\/\/api.w.org\/{rel}","templated":true}]}}