{"id":118,"date":"2023-07-28T12:55:06","date_gmt":"2023-07-28T15:55:06","guid":{"rendered":"https:\/\/ead.siteninjapro.com\/?post_type=product&#038;p=118"},"modified":"2024-06-28T09:49:42","modified_gmt":"2024-06-28T12:49:42","slug":"dominando-o-facebook-ads-estrategias-efetivas-de-marketing-digital","status":"publish","type":"product","link":"https:\/\/institutoaja.com\/ead\/product\/dominando-o-facebook-ads-estrategias-efetivas-de-marketing-digital\/","title":{"rendered":"Desenvolvimento de compet\u00eancias socioemocionais &#8211; Eu, l\u00edder de outros"},"content":{"rendered":"","protected":false},"excerpt":{"rendered":"<p>Seja emocionalmente competente, seja protagonista da sua vida! Desenvolver sua Intelig\u00eancia Emocional \u00e9 desenvolver sua capacidade de se expressar, reconhecer, controlar e gerenciar emo\u00e7\u00f5es e sentimentos. Tamb\u00e9m \u00e9 ser capacitado para construir rela\u00e7\u00f5es saud\u00e1veis, fazendo escolhas e tomando decis\u00f5es conscientes, vivendo uma vida com mais qualidade e feliz. Nessa segunda etapa aprimore sua intelig\u00eancia emocional e torne-se competente para\u00a0 liderar outras pessoas!<\/p>\n","protected":false},"featured_media":52,"template":"","meta":{"_joinchat":[]},"product_cat":[15],"product_tag":[],"class_list":["post-118","product","type-product","status-publish","has-post-thumbnail","hentry","product_cat-todos-os-cursos"],"_links":{"self":[{"href":"https:\/\/institutoaja.com\/ead\/wp-json\/wp\/v2\/product\/118","targetHints":{"allow":["GET"]}}],"collection":[{"href":"https:\/\/institutoaja.com\/ead\/wp-json\/wp\/v2\/product"}],"about":[{"href":"https:\/\/institutoaja.com\/ead\/wp-json\/wp\/v2\/types\/product"}],"wp:featuredmedia":[{"embeddable":true,"href":"https:\/\/institutoaja.com\/ead\/wp-json\/wp\/v2\/media\/52"}],"wp:attachment":[{"href":"https:\/\/institutoaja.com\/ead\/wp-json\/wp\/v2\/media?parent=118"}],"wp:term":[{"taxonomy":"product_cat","embeddable":true,"href":"https:\/\/institutoaja.com\/ead\/wp-json\/wp\/v2\/product_cat?post=118"},{"taxonomy":"product_tag","embeddable":true,"href":"https:\/\/institutoaja.com\/ead\/wp-json\/wp\/v2\/product_tag?post=118"}],"curies":[{"name":"wp","href":"https:\/\/api.w.org\/{rel}","templated":true}]}}