{"id":116,"date":"2023-07-28T12:54:13","date_gmt":"2023-07-28T15:54:13","guid":{"rendered":"https:\/\/ead.siteninjapro.com\/?post_type=product&#038;p=116"},"modified":"2024-06-28T09:48:21","modified_gmt":"2024-06-28T12:48:21","slug":"dominando-o-power-bi-da-introducao-a-analise-de-dados-avancada","status":"publish","type":"product","link":"https:\/\/institutoaja.com\/ead\/product\/dominando-o-power-bi-da-introducao-a-analise-de-dados-avancada\/","title":{"rendered":"Gest\u00e3o do Teletrabalho"},"content":{"rendered":"<p>Dividido em oito m\u00f3dulos, o curso pretende fornecer ao gestor conhecimentos e ferramentas para a boa gest\u00e3o do teletrabalho.<\/p>\n<p>Ser\u00e3o abordadas as regulamenta\u00e7\u00f5es atinentes ao tema e as particularidades dessa modalidade de trabalho que ganhou for\u00e7a na pandemia da Covid\/19 e continua crescendo em todos os ramos do Poder P\u00fablico.<\/p>\n<p>Ao longo das aulas, voc\u00ea perceber\u00e1 que com metas bem estabelecidas, comunica\u00e7\u00e3o assertiva, rotina de trabalho bem fixada, equipe engajada e lideran\u00e7a participativa, o teletrabalho pode entregar resultados ainda melhores do que o trabalho presencial.<\/p>\n<p>De fato, a gest\u00e3o do teletrabalho \u00e9 desafiadora, mas te mostraremos que n\u00e3o \u00e9 nenhum bicho de sete cabe\u00e7as!\u00a0 Tenha em mente que os Tribunais que se ajustarem \u00e0s caracter\u00edsticas do teletrabalho sair\u00e3o na frente na obten\u00e7\u00e3o de resultados e no alcance de maior produtividade e satisfa\u00e7\u00e3o profissional.<\/p>\n<p>Venha conosco e saia na frente!<\/p>\n<p>&nbsp;<\/p>\n<p>&nbsp;<\/p>\n<p>&nbsp;<\/p>\n","protected":false},"excerpt":{"rendered":"<p>Se voc\u00ea atua no sistema de justi\u00e7a, experimentou muitas mudan\u00e7as na forma de se trabalhar ultimamente. O incremento do teletrabalho trouxe desafios e oportunidades, mas, passados alguns anos, nem todos conseguiram se adaptar ou bem gerir o trabalho remoto. O curso Gest\u00e3o do Teletrabalho tem por objetivo fornecer ideias, ferramentas e conte\u00fado para a melhor gest\u00e3o do teletrabalho. Participe!<\/p>\n","protected":false},"featured_media":80,"template":"","meta":{"_joinchat":[]},"product_cat":[15],"product_tag":[],"class_list":["post-116","product","type-product","status-publish","has-post-thumbnail","hentry","product_cat-todos-os-cursos"],"_links":{"self":[{"href":"https:\/\/institutoaja.com\/ead\/wp-json\/wp\/v2\/product\/116","targetHints":{"allow":["GET"]}}],"collection":[{"href":"https:\/\/institutoaja.com\/ead\/wp-json\/wp\/v2\/product"}],"about":[{"href":"https:\/\/institutoaja.com\/ead\/wp-json\/wp\/v2\/types\/product"}],"wp:featuredmedia":[{"embeddable":true,"href":"https:\/\/institutoaja.com\/ead\/wp-json\/wp\/v2\/media\/80"}],"wp:attachment":[{"href":"https:\/\/institutoaja.com\/ead\/wp-json\/wp\/v2\/media?parent=116"}],"wp:term":[{"taxonomy":"product_cat","embeddable":true,"href":"https:\/\/institutoaja.com\/ead\/wp-json\/wp\/v2\/product_cat?post=116"},{"taxonomy":"product_tag","embeddable":true,"href":"https:\/\/institutoaja.com\/ead\/wp-json\/wp\/v2\/product_tag?post=116"}],"curies":[{"name":"wp","href":"https:\/\/api.w.org\/{rel}","templated":true}]}}