{"id":115,"date":"2023-07-28T12:53:43","date_gmt":"2023-07-28T15:53:43","guid":{"rendered":"https:\/\/ead.siteninjapro.com\/?post_type=product&#038;p=115"},"modified":"2024-06-29T09:03:28","modified_gmt":"2024-06-29T12:03:28","slug":"python-do-basico-ao-avancado-desenvolvimento-de-aplicacoes","status":"publish","type":"product","link":"https:\/\/institutoaja.com\/ead\/product\/python-do-basico-ao-avancado-desenvolvimento-de-aplicacoes\/","title":{"rendered":"Jornada AJA &#8211; Etapa 3 &#8211; Gest\u00e3o estrat\u00e9gica"},"content":{"rendered":"<p>Na \u00faltima etapa da Jornada AJA vamos abordar como a Gest\u00e3o Estrat\u00e9gica e do planejamento estrat\u00e9gico das demandas podem ajudar na sustentabilidade e melhoria da nossa efici\u00eancia. Com as ferramentas e conhecimentos do curso voc\u00ea ser\u00e1 capaz de identificar os pontos pass\u00edveis de melhoria na presta\u00e7\u00e3o do servi\u00e7o judicial.<\/p>\n<p>Voc\u00ea tamb\u00e9m perceber\u00e1 como a\u00a0 Gest\u00e3o da mudan\u00e7a e uma boa execu\u00e7\u00e3o estrat\u00e9gica podem ajudar no atingimento de melhores resultados em sua unidade.<\/p>\n<p>Finalizaremos essa etapa conversando sobre Intelig\u00eancia Emocional, para que cada participante do curso se desenvolva sabendo expressar, reconhecer, controlar e gerenciar emo\u00e7\u00f5es e sentimentos; construir rela\u00e7\u00f5es saud\u00e1veis; fazer escolhas e tomar decis\u00f5es conscientes; viver uma vida com mais qualidade e mais feliz.<\/p>\n<p>Cada aula \u00e9 composta por uma reflex\u00e3o, seguida de videoaula com os respectivos slides , indica\u00e7\u00f5es de leitura e atividades. Esperamos que, ao final desta etapa, com as ferramentas e conhecimentos obtidos, voc\u00ea seja capaz de identificar os pontos pass\u00edveis de melhoria na presta\u00e7\u00e3o do servi\u00e7o judicial.<\/p>\n","protected":false},"excerpt":{"rendered":"<p>Chegamos a terceira e \u00faltima etapa da Jornada AJA! Neste curso voc\u00ea descobrir\u00e1 como a gest\u00e3o estrat\u00e9gica e a gest\u00e3o da mudan\u00e7a podem ajud\u00e1-lo a atingir melhores resultados e a aperfei\u00e7oar a presta\u00e7\u00e3o do servi\u00e7o judicial. Al\u00e9m disso, o curso o auxiliar\u00e1 no desenvolvimento de compet\u00eancias socioemocionais, para que voc\u00ea tenha mais qualidade de vida no trabalho. Venha conosco nesta jornada!<\/p>\n","protected":false},"featured_media":94,"template":"","meta":{"_joinchat":[]},"product_cat":[15],"product_tag":[],"class_list":["post-115","product","type-product","status-publish","has-post-thumbnail","hentry","product_cat-todos-os-cursos"],"_links":{"self":[{"href":"https:\/\/institutoaja.com\/ead\/wp-json\/wp\/v2\/product\/115","targetHints":{"allow":["GET"]}}],"collection":[{"href":"https:\/\/institutoaja.com\/ead\/wp-json\/wp\/v2\/product"}],"about":[{"href":"https:\/\/institutoaja.com\/ead\/wp-json\/wp\/v2\/types\/product"}],"wp:featuredmedia":[{"embeddable":true,"href":"https:\/\/institutoaja.com\/ead\/wp-json\/wp\/v2\/media\/94"}],"wp:attachment":[{"href":"https:\/\/institutoaja.com\/ead\/wp-json\/wp\/v2\/media?parent=115"}],"wp:term":[{"taxonomy":"product_cat","embeddable":true,"href":"https:\/\/institutoaja.com\/ead\/wp-json\/wp\/v2\/product_cat?post=115"},{"taxonomy":"product_tag","embeddable":true,"href":"https:\/\/institutoaja.com\/ead\/wp-json\/wp\/v2\/product_tag?post=115"}],"curies":[{"name":"wp","href":"https:\/\/api.w.org\/{rel}","templated":true}]}}